{"id":20808,"date":"2025-05-15T09:59:32","date_gmt":"2025-05-15T07:59:32","guid":{"rendered":"https:\/\/www.fdi-access.com\/datenschutz\/"},"modified":"2025-06-18T09:58:08","modified_gmt":"2025-06-18T07:58:08","slug":"datenschutz","status":"publish","type":"page","link":"https:\/\/www.fdi-access.com\/de\/datenschutz\/","title":{"rendered":"Datenschutz"},"content":{"rendered":"<div class=\"col-12 heading\">\n<h2 class=\"wp-block-heading\">Allgemeine Nutzungsbedingungen f\u00fcr die Website und die von ihr zur Verf\u00fcgung gestellten Dienstleistungen<\/h2>\n<\/div><div class=\"col-12 paragraph\">\n<p>Die \u00fcber die vorliegende Website www.fdi-access.com (nachfolgend \u201edie Website\u201c) gesammelten personenbezogenen Daten des Nutzers, insbesondere die URL der Links, \u00fcber die der Nutzer auf die Website des Unternehmens FDI zugreift, der Zugangs-Provider f\u00fcr den Nutzer, die Adresse des Internetprotokolls (IP) des Nutzers, die Anschrift sowie der Name des Nutzers usw., k\u00f6nnen von dem Unternehmen FDI verarbeitet werden, das f\u00fcr diese Verarbeitung verantwortlich ist. Die Verarbeitung ist f\u00fcr das Navigieren auf der Website, zur Bearbeitung von Anfragen und gegebenenfalls zur Bereitstellung von Dienstleistungen des Unternehmens FDI erforderlich. Die Verarbeitung basiert auf dem legitimen Interesse des Unternehmens FDI im Rahmen der Gestaltung seiner Beziehungen zu Kunden und potenziellen Kunden. <\/p>\n<\/div><div class=\"col-12 paragraph\">\n<p>Die in den Online-Formularen mit einem Stern gekennzeichneten Angaben sind obligatorisch, um die Anfragen der Nutzer bearbeiten zu k\u00f6nnen. Ohne diese Angaben kann eine Anfrage nicht ber\u00fccksichtigt werden. <\/p>\n<\/div><div class=\"col-12 paragraph\">\n<p>Besagte Daten werden ausschlie\u00dflich innerhalb des Unternehmens FDIweitergegeben, und zwar dem Kundenservice, der Abteilung Marketing\/Vertrieb sowie der Abteilung Kommunikation.<\/p>\n<\/div><div class=\"col-12 paragraph\">\n<p>Besagte Daten sind f\u00fcr die Subunternehmer des UnternehmensFDI zug\u00e4nglich (nicht zuletzt f\u00fcr das Hosting der Website). Hierbei handeln die Subunternehmer auf Anweisung des Unternehmens FDI und sind gehalten, geeignete Ma\u00dfnahmen zum Schutz besagter personenbezogener Daten zu ergreifen. <\/p>\n<\/div><div class=\"col-12 paragraph\">\n<p>Die personenbezogenen Daten des Nutzers werden h\u00f6chstens gespeichert f\u00fcr:<\/p>\n<\/div><div class=\"col-12 list\">\n<ul class=\"wp-block-list\">\n<li>die Dauer von 3 Jahren, gerechnet ab dem Zeitpunkt ihrer Sammlung, falls kein Vertrag abgeschlossen wurde;<\/li>\n\n\n\n<li>die gesamte Vertragslaufzeit, im Fall eines Vertragsabschlusses oder der Aufgabe einer Bestellung; anschlie\u00dfend werden sie in Archiven f\u00fcr die Dauer einer eventuellen Garantielaufzeit zwischengespeichert, an die sich die geltende gesetzliche H\u00f6chstspeicherzeit anschlie\u00dft (in den meisten F\u00e4llen 5 Jahre);<\/li>\n\n\n\n<li>die Dauer von 6 Monaten, gerechnet ab dem Datum ihrer Implementierung\/Erstellung, was Cookies betrifft.<\/li>\n<\/ul>\n<\/div><div class=\"col-12 paragraph\">\n<p>Gem\u00e4\u00df den geltenden gesetzlichen Richtlinien zum Schutz personenbezogener Daten verf\u00fcgt der Nutzer \u00fcber:<\/p>\n<\/div><div class=\"col-12 list\">\n<ul class=\"wp-block-list\">\n<li>ein Zugangs-, Berichtigungs- und \u00dcbertragungsrecht der ihn betreffenden Daten;<\/li>\n\n\n\n<li>ein aus legitimen Gr\u00fcnden auszu\u00fcbendes Begrenzungs-, L\u00f6schungs- und Widerspruchsrecht hinsichtlich der Verarbeitung seiner Daten;<\/li>\n\n\n\n<li>die M\u00f6glichkeit, dem Unternehmen FDI Anweisungen \u00fcber das Prozedere hinsichtlich der ihn betreffenden Daten im Todesfall zukommen zu lassen (Aufbewahrung, L\u00f6schung, Weitergabe an Dritte usw.).<\/li>\n<\/ul>\n<\/div><div class=\"col-12 paragraph\">\n<p>Der Nutzer kann diese Rechte wahrnehmen, indem er sich an folgende E-Mail-Adresse wendet: dpo@fdi-access.com dpo@fdi-access.com<\/p>\n<\/div><div class=\"col-12 paragraph\">\n<p>Der Nutzer wird jedoch darauf hingewiesen, dass sein Widerspruch gegen die Verarbeitung seiner Daten die Bearbeitung einer Anfrage oder die Nutzung der von der Website zur Verf\u00fcgung gestellten Dienstleistungen \u2013 in der Praxis und je nach Fall \u2013 beeintr\u00e4chtigen oder unm\u00f6glich machen kann.<\/p>\n<\/div><div class=\"col-12 paragraph\">\n<p>Ferner verf\u00fcgt der Nutzer im Fall eines Versto\u00dfes gegen die gesetzlichen Regelungen zum Schutz personenbezogener Daten und insbesondere gegen die europ\u00e4ische Datenschutz-Grundverordnung 2016-679 \u00fcber ein Beschwerderecht bei einer Kontrollbeh\u00f6rde, etwa der franz\u00f6sischen Commission Nationale de l\u2019Informatique et des Libert\u00e9s.<\/p>\n<\/div><div class=\"col-12 heading\">\n<h2 class=\"wp-block-heading\">Hyperlinks und Cookies<\/h2>\n<\/div><div class=\"col-12 paragraph\">\n<p>Die Website des Unternehmens FDIenth\u00e4lt eine gewisse Anzahl an Hyperlinks zu anderen Websites, die mit Genehmigung des UnternehmensFDI eingerichtet wurden.<br\/>Allerdings besitzt das Unternehmen FDInicht die M\u00f6glichkeit, die Inhalte der auf diese Weise besuchten Websites zu \u00fcberpr\u00fcfen und kann folglich f\u00fcr diese Inhalte nicht haftbar gemacht werden.<\/p>\n<\/div><div class=\"col-12 paragraph\">\n<p>W\u00e4hrend des Besuchs der Website www.fdi-access.com(nachfolgend \u201edie Website\u201c) k\u00f6nnen bestimmte Informationen \u00fcber Ihre Navigation in \u201eCookies\u201c gespeichert werden, die auf Ihrem Endger\u00e4t (Computer, Tablet, Smartphone oder anderen Ger\u00e4ten mit Internetanschluss) installiert wurden.<\/p>\n<\/div><div class=\"col-12 paragraph\">\n<p>Diese Cookies werden vom Unternehmen FDI mit dem Ziel installiert, Ihre Navigation auf vorliegender Website zu erleichtern sowie um den Besucherverkehr zu messen.<\/p>\n<\/div><div class=\"col-12 paragraph\">\n<p>Nachfolgender Text erkl\u00e4rt Ihnen, was ein Cookie ist, welche Aufgabe es hat und wie man seine Funktionsweise einstellen kann.<\/p>\n<\/div><div class=\"col-12 heading\">\n<h3 class=\"wp-block-heading\">Was ist ein Cookie?<\/h3>\n<\/div><div class=\"col-12 paragraph\">\n<p>Ein Cookie ist eine Textdatei, die beim Besuch einer Website oder einer Werbung mithilfe Ihres Internetbrowsers auf der Festplatte Ihres Endger\u00e4ts installiert wird. Sie enth\u00e4lt verschiedene Informationen, etwa den Namen des Servers, der sie installiert hat (der Server der Website, die Sie besuchen), eine Kennzahl in Form einer eindeutigen Nummer und eventuell eine Frist bis zur L\u00f6schung besagten Cookies. <\/p>\n<\/div><div class=\"col-12 paragraph\">\n<p>Cookies erlauben es der installierenden Website, das Endger\u00e4t des Nutzers wiederzuerkennen, mit dem er registriert ist, und Informationen \u00fcber seine Navigation im Internet zu sammeln.<\/p>\n<\/div><div class=\"col-12 heading\">\n<h3 class=\"wp-block-heading\">Die von vorliegender Website installierten Cookies<\/h3>\n<\/div><div class=\"col-12 paragraph\">\n<p>Die f\u00fcr das Funktionieren der Website \u201eerforderlichen Cookies\u201c: Sie erm\u00f6glichen das Speichern der in den Formularen eingegebenen Informationen sowie die Verwaltung und Sicherung des Zugangs zu gesch\u00fctzten Bereichen (Anmeldung oder Zugang zu einem Benutzerkonto, Inhalt eines Warenkorbs usw.).<\/p>\n<\/div><div class=\"col-12 paragraph\">\n<p>Die \u201efunktionalen Cookies\u201c: Sie erm\u00f6glichen die Anpassung der Website an die Anzeigeeinstellungen Ihres Endger\u00e4ts (Sprache, Aufl\u00f6sung usw.) sowie eine pers\u00f6nliche Gestaltung Ihres Zugangs zur Website.<\/p>\n<\/div><div class=\"col-12 paragraph\">\n<p>Die \u201eanalytischen Cookies\u201c (oder \u201eCookies zur Messung des Besucherverkehrs\u201c): Sie sammeln anonyme Daten \u00fcber den Besucherverkehrs, um Statistiken zu erstellen (Anzahl der Besuche, der angeklickten Seiten &#8230;) und um die Nutzung der Elemente vorliegender Website zu ermitteln (besuchte Rubriken und Seiten \u2026), was es dem Unternehmen [FDI erlaubt, die Qualit\u00e4t seiner Dienstleistungen zu kontrollieren und zu verbessern.<\/p>\n<\/div><div class=\"col-12 paragraph\">\n<p>Die \u201eCookies sozialer Netzwerke\u201c: Sie erm\u00f6glichen es Ihnen, mit den Plug-ins sozialer Netzwerke (Facebook, Twitter \u2026) auf der Website zu interagieren.<\/p>\n<\/div><div class=\"col-12 paragraph\">\n<p>Die \u201eTargeting- oder Retargeting-Cookies\u201c erm\u00f6glichen die Anpassung der Navigation an Ihre Auswahl und Pr\u00e4ferenzen, indem sie Ihnen Produkte und Dienstleistungen zeigen, die Sie interessieren k\u00f6nnten. Manche Cookies Dritter k\u00f6nnen von kommerziellen Partnern unseres Vertrauens auf der Website installiert werden, um Ihnen Angebote hinsichtlich anderer Websites anzubieten. <\/p>\n<\/div><div class=\"col-12 heading\">\n<h3 class=\"wp-block-heading\">So kontrollieren Sie Cookies<\/h3>\n<\/div><div class=\"col-12 paragraph\">\n<p>Sie k\u00f6nnen die Installation von Cookies auf Ihrem Endger\u00e4t kontrollieren und anpassen, indem Sie Ihren Webbrowser entsprechend einstellen.<\/p>\n<\/div><div class=\"col-12 paragraph\">\n<p>Beispielsweise k\u00f6nnen Sie Ihren Webbrowser so konfigurieren, dass er entweder systematisch alle Cookies zul\u00e4sst oder ablehnt, oder aber nur solche von bestimmten Quellen. Ferner k\u00f6nnen Sie sich automatisch informieren lassen, sobald ein Cookie auf Ihrem Endger\u00e4t installiert wird. <\/p>\n<\/div><div class=\"col-12 paragraph\">\n<p>Und wenn Sie die Cookies noch genauer kontrollieren m\u00f6chten, k\u00f6nnen Sie Ihren Webbrowser so konfigurieren, dass Ihnen die Annahme oder Ablehnung eines Cookies vorgeschlagen wird, noch bevor ein Cookie durch den Server der Website, die Sie besuchen, auf Ihrer Festplatte installiert wird.<\/p>\n<\/div><div class=\"col-12 paragraph\">\n<p>Es ist deshalb ratsam, die Einstellungen Ihres Webbrowsers an Ihre W\u00fcnsche anzupassen.<\/p>\n<\/div><div class=\"col-12 paragraph\">\n<p>Um die Cookies m\u00f6glichst nach Ihren W\u00fcnschen verwalten zu k\u00f6nnen, empfehlen wir Ihnen, Ihren Webbrowser unter Ber\u00fccksichtigung der jeweiligen Ziele der Cookies einzustellen. Nachfolgend finden Sie detailliertere Informationen zur Konfiguration der am h\u00e4ufigsten verwendeten Webbrowser: <\/p>\n<\/div><div class=\"col-12 list\">\n<ul class=\"wp-block-list\">\n<li><a href=\"https:\/\/support.microsoft.com\/fr-fr\/topic\/comment-supprimer-des-fichiers-cookies-dans-internet-explorer-bca9446f-d873-78de-77ba-d42645fa52fc\" target=\"_blank\" rel=\"noreferrer noopener\">Internet Explorer<\/a><\/li>\n\n\n\n<li><a href=\"https:\/\/support.google.com\/chrome\/answer\/95647?hl=fr\" target=\"_blank\" rel=\"noreferrer noopener\">Chrome<\/a><\/li>\n\n\n\n<li><a href=\"https:\/\/support.mozilla.org\/fr\/kb\/activer-desactiver-cookies-preferences\" target=\"_blank\" rel=\"noreferrer noopener\">Firefox<\/a><\/li>\n\n\n\n<li><a href=\"https:\/\/support.apple.com\/fr-fr\/guide\/safari\/sfri11471\/mac\" target=\"_blank\" rel=\"noreferrer noopener\">Safari<\/a><\/li>\n\n\n\n<li><a href=\"https:\/\/www.opera.com\/fr\/use-cases\/clean-browser-and-remove-trackers\" target=\"_blank\" rel=\"noreferrer noopener\">Opera<\/a><\/li>\n<\/ul>\n<\/div><div class=\"col-12 paragraph\">\n<p>Sie k\u00f6nnen auch im Men\u00fc \u201eHilfe\u201c Ihres Webbrowsers nachsehen, um zu erfahren, wie Sie seine Cookie-Einstellungen ver\u00e4ndern k\u00f6nnen.<\/p>\n<\/div><div class=\"col-12 paragraph\">\n<p>Alle Cookie-Einstellungen Ihres Endger\u00e4ts k\u00f6nnen eine Ver\u00e4nderung oder Beeintr\u00e4chtigung Ihrer Navigation im Internet und insbesondere Ihrer Zugangsbedingungen zu bestimmten Dienstleistungen der Website nach sich ziehen, die die Verwendung von Cookies erfordern. Falls es zu Problemen kommt, k\u00f6nnen Sie jederzeit besagte Cookie-Einstellungen ver\u00e4ndern oder r\u00fcckg\u00e4ngig machen. <\/p>\n<\/div>","protected":false},"excerpt":{"rendered":"<p>Allgemeine Nutzungsbedingungen f\u00fcr die Website und die von ihr zur Verf\u00fcgung gestellten Dienstleistungen Die \u00fcber die vorliegende Website (nachfolgend \u201edie Website\u201c) gesammelten personenbezogenen Daten des Nutzers, insbesondere die URL der Links, \u00fcber die der Nutzer auf die Website des Unternehmens zugreift, der Zugangs-Provider f\u00fcr den Nutzer, die Adresse des Internetprotokolls (IP) des Nutzers, die Anschrift [&hellip;]<\/p>\n","protected":false},"author":2,"featured_media":0,"parent":0,"menu_order":0,"comment_status":"closed","ping_status":"open","template":"","meta":{"_acf_changed":false,"footnotes":""},"class_list":["post-20808","page","type-page","status-publish","hentry"],"acf":[],"_links":{"self":[{"href":"https:\/\/www.fdi-access.com\/de\/wp-json\/wp\/v2\/pages\/20808","targetHints":{"allow":["GET"]}}],"collection":[{"href":"https:\/\/www.fdi-access.com\/de\/wp-json\/wp\/v2\/pages"}],"about":[{"href":"https:\/\/www.fdi-access.com\/de\/wp-json\/wp\/v2\/types\/page"}],"author":[{"embeddable":true,"href":"https:\/\/www.fdi-access.com\/de\/wp-json\/wp\/v2\/users\/2"}],"replies":[{"embeddable":true,"href":"https:\/\/www.fdi-access.com\/de\/wp-json\/wp\/v2\/comments?post=20808"}],"version-history":[{"count":1,"href":"https:\/\/www.fdi-access.com\/de\/wp-json\/wp\/v2\/pages\/20808\/revisions"}],"predecessor-version":[{"id":20809,"href":"https:\/\/www.fdi-access.com\/de\/wp-json\/wp\/v2\/pages\/20808\/revisions\/20809"}],"wp:attachment":[{"href":"https:\/\/www.fdi-access.com\/de\/wp-json\/wp\/v2\/media?parent=20808"}],"curies":[{"name":"wp","href":"https:\/\/api.w.org\/{rel}","templated":true}]}}