{"id":20862,"date":"2025-05-15T11:54:18","date_gmt":"2025-05-15T09:54:18","guid":{"rendered":"https:\/\/www.fdi-access.com\/impressum\/"},"modified":"2025-06-18T09:58:09","modified_gmt":"2025-06-18T07:58:09","slug":"impressum","status":"publish","type":"page","link":"https:\/\/www.fdi-access.com\/de\/impressum\/","title":{"rendered":"Impressum"},"content":{"rendered":"<div class=\"col-12 heading\">\n<h2 class=\"wp-block-heading\">1. Beschreibung der Website<\/h2>\n<\/div><div class=\"col-12 paragraph\">\n<p>Gem\u00e4\u00df Artikel 6 des franz\u00f6sischen Gesetzes Nr. 2004-575 vom 21. Juni 2004 f\u00fcr das Vertrauen in die digitale Wirtschaft werden die Nutzer der Website des Unternehmens <strong>FDI MATELEC<\/strong> \u00fcber die Identit\u00e4t der verschiedenen an der Erstellung und der Pflege besagter Website Beteiligten informiert:<\/p>\n<\/div><div class=\"col-12 heading\">\n<h3 class=\"wp-block-heading\">Eigent\u00fcmer<\/h3>\n<\/div><div class=\"col-12 paragraph\">\n<p><strong>Gesellschaft FDI MATELEC<\/strong><br\/>Adresse: 110 rue Pierre-Gilles de Gennes, 49300 CHOLET<br\/>Telefon: +33 (0)251616969<\/p>\n<\/div><div class=\"col-12 list\">\n<ul class=\"wp-block-list\">\n<li>Rechtsform: Aktiengesellschaft (SA) mit Verwaltungsrat<\/li>\n\n\n\n<li>Gesellschaftskapital: 720.000,00 \u20ac<\/li>\n\n\n\n<li>SIRET: 35130518000066<\/li>\n\n\n\n<li>Code NAF oder APE: Herstellung von Kommunikationsausr\u00fcstungen (2630Z)<\/li>\n\n\n\n<li>Verantwortlich f\u00fcr die Ver\u00f6ffentlichung: Dana\u00e9 OTTO, Leiterin Marketing &amp; Kommunikation<\/li>\n<\/ul>\n<\/div><div class=\"col-12 heading\">\n<h3 class=\"wp-block-heading\">Erstellung der Website<\/h3>\n<\/div><div class=\"col-12 paragraph\">\n<p><strong>Agentur f\u00fcr Kommunikation B17<\/strong><br\/>19, rue du Lieutenant Aug\u00e9<br\/>44230 Saint-S\u00e9bastien\/Loire<br\/><strong>Tel<\/strong>.+33\/(0)2 40 89 78 74<\/p>\n<\/div><div class=\"col-12 heading\">\n<h3 class=\"wp-block-heading\">Webhosting<\/h3>\n<\/div><div class=\"col-12 paragraph\">\n<p><strong>OVH<\/strong><br\/>2 rue Kellermann<br\/>59100 Roubaix<br\/><strong>Tel.<\/strong> 1007<\/p>\n<\/div><div class=\"col-12 heading\">\n<h3 class=\"wp-block-heading\">Bildnachweise<\/h3>\n<\/div><div class=\"col-12 paragraph\">\n<p><strong>FDI Matelec<\/strong><\/p>\n<\/div><div class=\"col-12 heading\">\n<h2 class=\"wp-block-heading\">2. Allgemeine Nutzungsbedingungen der Website und der von ihr zur Verf\u00fcgung gestellten Dienstleistungen<\/h2>\n<\/div><div class=\"col-12 paragraph\">\n<p>Durch den Besuch der Website des Unternehmens <strong>FDI MATELEC<\/strong> stimmt der Nutzer vorbehaltlos den nachfolgend aufgef\u00fchrten Allgemeinen Nutzungsbedingungen zu. Diese Allgemeinen Nutzungsbedingungen k\u00f6nnen jederzeit ver\u00e4ndert oder erg\u00e4nzt werden. Die Besucher der Website des Unternehmens<strong> FDI MATELEC<\/strong> sind deshalb aufgefordert, besagte Nutzungsbedingungen regelm\u00e4\u00dfig zu \u00fcberpr\u00fcfen.<br\/>Diese Website ist f\u00fcr ihre Nutzer normalerweise jederzeit erreichbar. Jedoch kann das Unternehmen <strong>FDI MATELEC<\/strong> eine Unterbrechung ihrer Erreichbarkeit aufgrund von technischen Wartungsarbeiten vornehmen und wird den Nutzern den genauen Zeitpunkt sowie die Dauer dieser Arbeiten mitteilen. <br\/>Die Website des Unternehmens <strong>FDI MATELEC<\/strong> wird regelm\u00e4\u00dfig durch das Unternehmen <strong>FDI MATELEC<\/strong> aktualisiert. <br\/>Auch das Impressum kann jederzeit ver\u00e4ndert werden. Es obliegt allerdings dem Nutzer, sich in ausreichenden Abst\u00e4nden \u00fcber eventuelle \u00c4nderungen zu informieren.  <br\/><strong>De la m\u00eame fa\u00e7on, les mentions l\u00e9gales peuvent \u00eatre modifi\u00e9es \u00e0 tout moment :<\/strong> elles s\u2019imposent n\u00e9anmoins \u00e0 l\u2019utilisateur qui est invit\u00e9 \u00e0 s\u2019y r\u00e9f\u00e9rer le plus souvent possible afin d\u2019en prendre connaissance.<\/p>\n<\/div><div class=\"col-12 heading\">\n<h2 class=\"wp-block-heading\">3. Beschreibung der zur Verf\u00fcgung gestellten Dienstleistungen<\/h2>\n<\/div><div class=\"col-12 paragraph\">\n<p>Die Website des Unternehmens <strong>FDI MATELEC<\/strong> hat zum Ziel, Informationen \u00fcber alle Aktivit\u00e4ten des Unternehmens zu liefern. <br\/>Das Unternehmen <strong>FDI MATELEC<\/strong> bem\u00fcht sich, auf der Website m\u00f6glichst pr\u00e4zise Informationen zur Verf\u00fcgung zu stellen. Es \u00fcbernimmt jedoch keine Haftung f\u00fcr eventuelle Vers\u00e4umnisse, Fehler oder Unzul\u00e4nglichkeiten bei der Aktualisierung der Inhalte, und dies unabh\u00e4ngig davon, ob diese Inhalte von ihm selbst oder von externen Partnern bereitgestellt werden. <\/p>\n<\/div><div class=\"col-12 paragraph\">\n<p>Alle auf der Website des Unternehmens <strong>FDI MATELEC<\/strong> zur Verf\u00fcgung gestellten Inhalte verstehen sich lediglich als unverbindliche Informationen, die sich st\u00e4ndig \u00e4ndern k\u00f6nnen. Diese auf der Website eingestellten Informationen sind zudem nicht ersch\u00f6pfend und k\u00f6nnen vom Zeitpunkt ihrer Bereitstellung auf der Website an jederzeit ge\u00e4ndert werden.  <\/p>\n<\/div><div class=\"col-12 heading\">\n<h2 class=\"wp-block-heading\">4. Vertragliche Einschr\u00e4nkungen hinsichtlich der technischen Daten<\/h2>\n<\/div><div class=\"col-12 paragraph\">\n<p>Die Website verwendet die Technologie JavaScript. <br\/>Die Website \u00fcbernimmt keine Haftung f\u00fcr Sch\u00e4den, die durch die Nutzung der Website entstehen. Au\u00dferdem verpflichtet sich der Nutzer der Website, auf die Website mithilfe einer geeigneten Ausr\u00fcstung zuzugreifen, die keine Viren enth\u00e4lt, sowie mit einem modernen Webbrowser der aktuellsten verf\u00fcgbaren Version. <\/p>\n<\/div><div class=\"col-12 heading\">\n<h2 class=\"wp-block-heading\">5. Geistiges Eigentum und F\u00e4lschungen<\/h2>\n<\/div><div class=\"col-12 paragraph\">\n<p>Das Unternehmen <strong>FDI MATELEC<\/strong> h\u00e4lt die geistigen Eigentumsrechte oder die Nutzungsrechte an allen Elementen, die die Website enth\u00e4lt, insbesondere Texte, Abbildungen, Grafiken, Logos, Icons, Audio-Elemente und Software. <br\/>Die teilweise oder vollst\u00e4ndige Vervielf\u00e4ltigung, Darstellung, Ver\u00e4nderung, Ver\u00f6ffentlichung oder Anpassung von Elementen der Website, auf welche Weise auch immer, ist verboten und bedarf der vorherigen schriftlichen Genehmigung durch das Unternehmen FDI MATELEC.<br\/>Jegliche nicht genehmigte Nutzung der Website oder eines ihrer Elemente wird als Akt der F\u00e4lschung gem\u00e4\u00df den Artikeln L.335-2 ff des franz\u00f6sischen Gesetzbuchs \u00fcber Geistiges Eigentum (Code de Propri\u00e9t\u00e9 Intellectuelle) erachtet.<br\/>Die teilweise oder vollst\u00e4ndige Vervielf\u00e4ltigung, Darstellung, Ver\u00e4nderung, Ver\u00f6ffentlichung oder Anpassung von Elementen der Website, auf welche Weise auch immer, ist verboten und bedarf der vorherigen schriftlichen Genehmigung durch das Unternehmen <strong>FDI MATELEC<\/strong>.<br\/><br\/><br\/>Jegliche nicht genehmigte Nutzung der Website oder eines ihrer Elemente wird als Akt der F\u00e4lschung gem\u00e4\u00df den Artikeln L.335-2 ff des franz\u00f6sischen Gesetzbuchs \u00fcber Geistiges Eigentum (Code de Propri\u00e9t\u00e9 Intellectuelle) erachtet.<\/p>\n<\/div><div class=\"col-12 heading\">\n<h2 class=\"wp-block-heading\">6. Haftungsbeschr\u00e4nkung<\/h2>\n<\/div><div class=\"col-12 paragraph\">\n<p>Das Unternehmen<meta http-equiv=\"content-type\" content=\"text\/html; charset=utf-8\"\/><strong>FDI MATELEC <\/strong>\u00fcbernimmt keine Haftung f\u00fcr direkte oder indirekte Sch\u00e4den an der Ausr\u00fcstung des Nutzers, die w\u00e4hrend der Nutzung der Website des Unternehmens<meta http-equiv=\"content-type\" content=\"text\/html; charset=utf-8\"\/><strong>FDI MATELEC<\/strong> entstehen k\u00f6nnten und durch die Verwendung einer Ausr\u00fcstung, die nicht den unter Punkt 4 genannten Eigenschaften entspricht, oder durch einen Programmfehler oder eine Inkompatibilit\u00e4t verursacht werden. <br\/>Das Unternehmen <strong>FDI MATELEC<\/strong> \u00fcbernimmt ferner keine Haftung f\u00fcr indirekte Sch\u00e4den <em>(beispielsweise durch den Verlust von Marktanteilen oder von Gesch\u00e4ftschancen)<\/em> infolge der Nutzung der Website des Unternehmens <strong>FDI MATELEC<\/strong>.<\/p>\n<\/div><div class=\"col-12 paragraph\">\n<p>Den Nutzern stehen interaktive Bereiche zur Verf\u00fcgung <em>(M\u00f6glichkeit, auf der Kontaktseite Fragen zu stellen)<\/em>. Das Unternehmen <strong>FDI MATELEC<\/strong> beh\u00e4lt sich das Recht vor, Inhalte gleich welcher Art, die den in Frankreich geltenden gesetzlichen Bestimmungen, insbesondere im Bereich Datenschutz, zuwiderlaufen, ohne vorherige Mitteilung zu l\u00f6schen. Das Unternehmen FDI MATELEC beh\u00e4lt sich zudem das Recht vor, gegebenenfalls zivil- und\/oder strafrechtliche Schritte gegen den Nutzer einzuleiten, insbesondere im Fall einer Mitteilung mit rassistischem, beleidigendem, diffamierendem oder pornografischem Inhalt, in welcher Form auch immer (Text, Fotografie \u2026).   <meta http-equiv=\"content-type\" content=\"text\/html; charset=utf-8\"\/>Das Unternehmen <strong>FDI MATELEC<\/strong> beh\u00e4lt sich zudem das Recht vor, gegebenenfalls zivil- und\/oder strafrechtliche Schritte gegen den Nutzer einzuleiten, insbesondere im Fall einer Mitteilung mit rassistischem, beleidigendem, diffamierendem oder pornografischem Inhalt, in welcher Form auch immer <em>(Text, Fotografie \u2026)<\/em>.<\/p>\n<\/div><div class=\"col-12 heading\">\n<h2 class=\"wp-block-heading\">7. Anwendbares Recht und Gerichtsstand<\/h2>\n<\/div><div class=\"col-12 paragraph\">\n<p>Alle Streitf\u00e4lle hinsichtlich der Nutzung der Website des Unternehmens <strong>FDI MATELEC<\/strong> unterliegen franz\u00f6sischem Recht. Allein Gerichte im Zust\u00e4ndigkeitsbereich des Berufungsgerichts am Sitz des Unternehmens <strong>FDI MATELEC<\/strong> k\u00f6nnen bei eventuellen Streitf\u00e4llen hinsichtlich der Nutzung der Website angerufen werden. <\/p>\n<\/div>","protected":false},"excerpt":{"rendered":"<p>1. Beschreibung der Website Gem\u00e4\u00df Artikel 6 des franz\u00f6sischen Gesetzes Nr. 2004-575 vom 21. Juni 2004 f\u00fcr das Vertrauen in die digitale Wirtschaft werden die Nutzer der Website des Unternehmens FDI MATELEC \u00fcber die Identit\u00e4t der verschiedenen an der Erstellung und der Pflege besagter Website Beteiligten informiert: Eigent\u00fcmer Gesellschaft FDI MATELECAdresse: 110 rue Pierre-Gilles de [&hellip;]<\/p>\n","protected":false},"author":2,"featured_media":0,"parent":0,"menu_order":0,"comment_status":"closed","ping_status":"closed","template":"","meta":{"_acf_changed":false,"footnotes":""},"class_list":["post-20862","page","type-page","status-publish","hentry"],"acf":[],"_links":{"self":[{"href":"https:\/\/www.fdi-access.com\/de\/wp-json\/wp\/v2\/pages\/20862","targetHints":{"allow":["GET"]}}],"collection":[{"href":"https:\/\/www.fdi-access.com\/de\/wp-json\/wp\/v2\/pages"}],"about":[{"href":"https:\/\/www.fdi-access.com\/de\/wp-json\/wp\/v2\/types\/page"}],"author":[{"embeddable":true,"href":"https:\/\/www.fdi-access.com\/de\/wp-json\/wp\/v2\/users\/2"}],"replies":[{"embeddable":true,"href":"https:\/\/www.fdi-access.com\/de\/wp-json\/wp\/v2\/comments?post=20862"}],"version-history":[{"count":1,"href":"https:\/\/www.fdi-access.com\/de\/wp-json\/wp\/v2\/pages\/20862\/revisions"}],"predecessor-version":[{"id":20863,"href":"https:\/\/www.fdi-access.com\/de\/wp-json\/wp\/v2\/pages\/20862\/revisions\/20863"}],"wp:attachment":[{"href":"https:\/\/www.fdi-access.com\/de\/wp-json\/wp\/v2\/media?parent=20862"}],"curies":[{"name":"wp","href":"https:\/\/api.w.org\/{rel}","templated":true}]}}