{"id":20874,"date":"2025-05-15T14:31:32","date_gmt":"2025-05-15T12:31:32","guid":{"rendered":"https:\/\/www.fdi-access.com\/ihr-kontakt-zu-uns\/"},"modified":"2025-07-31T17:52:10","modified_gmt":"2025-07-31T15:52:10","slug":"ihr-kontakt-zu-uns","status":"publish","type":"page","link":"https:\/\/www.fdi-access.com\/de\/ihr-kontakt-zu-uns\/","title":{"rendered":"Ihr <strong>Kontakt<\/strong> zu uns"},"content":{"rendered":"<div class=\"col-12 paragraph\">\n<p>Um weitere Informationen zu erhalten, wenden Sie sich am besten direkt an uns. Dazu m\u00fcssen Sie nur nachfolgendes Formular ausf\u00fcllen:<\/p>\n<\/div>\n\n\n<div class=\"wp-block-buttons is-content-justification-center is-layout-flex wp-container-core-buttons-is-layout-16018d1d wp-block-buttons-is-layout-flex\">\n<div class=\"wp-block-button\"><a class=\"wp-block-button__link wp-element-button\" href=\"#interlocutor\">Ihre Ansprechpartner<\/a><\/div>\n\n\n\n<div class=\"wp-block-button\"><a class=\"wp-block-button__link wp-element-button\" href=\"#contact\">Schreiben Sie uns<\/a><\/div>\n\n\n\n<div class=\"wp-block-button\"><a class=\"wp-block-button__link wp-element-button\" href=\"https:\/\/www.fdi-access.com\/de\/unternehmen\/unsere-partner\/\">Einen H\u00e4ndler finden<\/a><\/div>\n<\/div>\n\n\n<\/div>\n<\/div>\n<div id=\"interlocutor\"  class=\"container-fluid interlocutor_part bg-green p-5\">\n    <div class=\"container py-5\">\n        <div class=\"row\">\n            <div class=\"col-12 col-md-10 offset-md-1 text-center pb-5\">\n                <h2 class=\"h2 white\"><strong>Ihre Ansprechpartner<\/strong><\/h2>\n                <div class=\"description white\"><\/div>\n            <\/div>\n\n        <\/div>\n        <div class=\"row\">\n            <div class=\"col-12 slider_interlocutor\">\n                                    <div class=\"item p-3\">\n                        <div class=\"item_bloc bg-white d-flex justify-content-center align-items-center\" style=\"background:url(https:\/\/www.fdi-access.com\/wp-content\/uploads\/250514_FDI_Portrait-PIERRE-1-1-495x660.jpg) no-repeat center center \/ cover;\">\n                            <div class=\"caption bg-grey border-slash-left\">\n                                <p class=\"yellow function\">\n                                    Vertriebsleiter Export                                <\/p>\n                                <p class=\"name green\">\n                                    Pierre MERLET                                <\/p>\n                            <\/div>\n                        <\/div>\n                    <\/div>\n                                        <div class=\"item p-3\">\n                        <div class=\"item_bloc bg-white d-flex justify-content-center align-items-center\" style=\"background:url(https:\/\/www.fdi-access.com\/wp-content\/uploads\/250514_FDI_Portrait-MAXIME-1-495x660.jpg) no-repeat center center \/ cover;\">\n                            <div class=\"caption bg-grey border-slash-left\">\n                                <p class=\"yellow function\">\n                                    Vertriebsleiter                                <\/p>\n                                <p class=\"name green\">\n                                    Maxime ROTTIER                                <\/p>\n                            <\/div>\n                        <\/div>\n                    <\/div>\n                                        <div class=\"item p-3\">\n                        <div class=\"item_bloc bg-white d-flex justify-content-center align-items-center\" style=\"background:url(https:\/\/www.fdi-access.com\/wp-content\/uploads\/250514_FDI_Portrait-ANNE-LAURE-1-495x660.jpg) no-repeat center center \/ cover;\">\n                            <div class=\"caption bg-grey border-slash-left\">\n                                <p class=\"yellow function\">\n                                    Leiterin Verkaufsmanagement                                <\/p>\n                                <p class=\"name green\">\n                                    Anne-Laure RIPOCHE                                <\/p>\n                            <\/div>\n                        <\/div>\n                    <\/div>\n                                        <div class=\"item p-3\">\n                        <div class=\"item_bloc bg-white d-flex justify-content-center align-items-center\" style=\"background:url(https:\/\/www.fdi-access.com\/wp-content\/uploads\/250514_FDI_Portrait-DENIS-1-495x660.jpg) no-repeat center center \/ cover;\">\n                            <div class=\"caption bg-grey border-slash-left\">\n                                <p class=\"yellow function\">\n                                    Techniker Kundensupport Export                                <\/p>\n                                <p class=\"name green\">\n                                    Denis COCAULT                                <\/p>\n                            <\/div>\n                        <\/div>\n                    <\/div>\n                                        <div class=\"item p-3\">\n                        <div class=\"item_bloc bg-white d-flex justify-content-center align-items-center\" style=\"background:url(https:\/\/www.fdi-access.com\/wp-content\/uploads\/250514_FDI_Portrait-EMMANUEL-1-495x660.jpg) no-repeat center center \/ cover;\">\n                            <div class=\"caption bg-grey border-slash-left\">\n                                <p class=\"yellow function\">\n                                    Techniker Kundensupport                                <\/p>\n                                <p class=\"name green\">\n                                    Emmanuel AUVINET                                <\/p>\n                            <\/div>\n                        <\/div>\n                    <\/div>\n                                        <div class=\"item p-3\">\n                        <div class=\"item_bloc bg-white d-flex justify-content-center align-items-center\" style=\"background:url(https:\/\/www.fdi-access.com\/wp-content\/uploads\/250514_FDI_Portrait-OLIVIER-1-495x660.jpg) no-repeat center center \/ cover;\">\n                            <div class=\"caption bg-grey border-slash-left\">\n                                <p class=\"yellow function\">\n                                    Techniker Kundensupport                                <\/p>\n                                <p class=\"name green\">\n                                    Olivier HERROU                                <\/p>\n                            <\/div>\n                        <\/div>\n                    <\/div>\n                                        <div class=\"item p-3\">\n                        <div class=\"item_bloc bg-white d-flex justify-content-center align-items-center\" style=\"background:url(https:\/\/www.fdi-access.com\/wp-content\/uploads\/250514_FDI_Portrait-CELINE-1-495x660.jpg) no-repeat center center \/ cover;\">\n                            <div class=\"caption bg-grey border-slash-left\">\n                                <p class=\"yellow function\">\n                                    Leiterin Einkauf                                <\/p>\n                                <p class=\"name green\">\n                                    C\u00e9line CHAYSINH                                <\/p>\n                            <\/div>\n                        <\/div>\n                    <\/div>\n                                        <div class=\"item p-3\">\n                        <div class=\"item_bloc bg-white d-flex justify-content-center align-items-center\" style=\"background:url(https:\/\/www.fdi-access.com\/wp-content\/uploads\/250514_FDI_Portrait-LAURENT-1-495x660.jpg) no-repeat center center \/ cover;\">\n                            <div class=\"caption bg-grey border-slash-left\">\n                                <p class=\"yellow function\">\n                                    Leiter Produkte                                <\/p>\n                                <p class=\"name green\">\n                                    Laurent GAUDRY                                <\/p>\n                            <\/div>\n                        <\/div>\n                    <\/div>\n                                        <div class=\"item p-3\">\n                        <div class=\"item_bloc bg-white d-flex justify-content-center align-items-center\" style=\"background:url(https:\/\/www.fdi-access.com\/wp-content\/uploads\/250514_FDI_Portrait-HERVE-3-495x660.jpg) no-repeat center center \/ cover;\">\n                            <div class=\"caption bg-grey border-slash-left\">\n                                <p class=\"yellow function\">\n                                    Direktor Operatives Gesch\u00e4ft &amp; Finanzen                                <\/p>\n                                <p class=\"name green\">\n                                    Herv\u00e9 GAZEAU                                <\/p>\n                            <\/div>\n                        <\/div>\n                    <\/div>\n                                        <div class=\"item p-3\">\n                        <div class=\"item_bloc bg-white d-flex justify-content-center align-items-center\" style=\"background:url(https:\/\/www.fdi-access.com\/wp-content\/uploads\/250514_FDI_Portrait-DAVID-1-495x660.jpg) no-repeat center center \/ cover;\">\n                            <div class=\"caption bg-grey border-slash-left\">\n                                <p class=\"yellow function\">\n                                    Direktor Operatives Gesch\u00e4ft                                <\/p>\n                                <p class=\"name green\">\n                                    David RABIER                                <\/p>\n                            <\/div>\n                        <\/div>\n                    <\/div>\n                                        <div class=\"item p-3\">\n                        <div class=\"item_bloc bg-white d-flex justify-content-center align-items-center\" style=\"background:url(https:\/\/www.fdi-access.com\/wp-content\/uploads\/250514_FDI_Portrait-YVES-1-495x660.jpg) no-repeat center center \/ cover;\">\n                            <div class=\"caption bg-grey border-slash-left\">\n                                <p class=\"yellow function\">\n                                    Direktor F&amp;E                                <\/p>\n                                <p class=\"name green\">\n                                    Yves MAILLARD                                <\/p>\n                            <\/div>\n                        <\/div>\n                    <\/div>\n                                        <div class=\"item p-3\">\n                        <div class=\"item_bloc bg-white d-flex justify-content-center align-items-center\" style=\"background:url(https:\/\/www.fdi-access.com\/wp-content\/uploads\/250514_FDI_Portrait-JEAN-495x660.jpg) no-repeat center center \/ cover;\">\n                            <div class=\"caption bg-grey border-slash-left\">\n                                <p class=\"yellow function\">\n                                    Direktor Industrie                                <\/p>\n                                <p class=\"name green\">\n                                    Jean GAUTIER                                <\/p>\n                            <\/div>\n                        <\/div>\n                    <\/div>\n                                        <div class=\"item p-3\">\n                        <div class=\"item_bloc bg-white d-flex justify-content-center align-items-center\" style=\"background:url(https:\/\/www.fdi-access.com\/wp-content\/uploads\/250514_FDI_Portrait-HELENE-1-495x660.jpg) no-repeat center center \/ cover;\">\n                            <div class=\"caption bg-grey border-slash-left\">\n                                <p class=\"yellow function\">\n                                    Leiterin Personalmanagement                                <\/p>\n                                <p class=\"name green\">\n                                    H\u00e9l\u00e8ne PUAUD                                <\/p>\n                            <\/div>\n                        <\/div>\n                    <\/div>\n                                        <div class=\"item p-3\">\n                        <div class=\"item_bloc bg-white d-flex justify-content-center align-items-center\" style=\"background:url(https:\/\/www.fdi-access.com\/wp-content\/uploads\/250514_FDI_Portrait-DANAE-495x660.jpg) no-repeat center center \/ cover;\">\n                            <div class=\"caption bg-grey border-slash-left\">\n                                <p class=\"yellow function\">\n                                    Leiterin Marketing                                <\/p>\n                                <p class=\"name green\">\n                                    Dana\u00e9 OTTO                                <\/p>\n                            <\/div>\n                        <\/div>\n                    <\/div>\n                                        <div class=\"item p-3\">\n                        <div class=\"item_bloc bg-white d-flex justify-content-center align-items-center\" style=\"background:url(https:\/\/www.fdi-access.com\/wp-content\/uploads\/250514_FDI_Portrait-FREDERIC-495x660.jpg) no-repeat center center \/ cover;\">\n                            <div class=\"caption bg-grey border-slash-left\">\n                                <p class=\"yellow function\">\n                                    Vertriebsingenieur Frankreich                                <\/p>\n                                <p class=\"name green\">\n                                    Fr\u00e9deric EUDELINE                                <\/p>\n                            <\/div>\n                        <\/div>\n                    <\/div>\n                                <\/div>\n        <\/div>\n\n        <div class=\"row\">\n            <div class=\"col-12\">\n                <nav class=\"controls\">\n                    <span class=\"controls_btn prev_btn\"><\/span>\n                    <span class=\"controls_btn next_btn\"><\/span>\n                <\/nav>\n            <\/div>\n        <\/div>\n\n    <\/div>\n<\/div>\n<div class=\"container\">\n    <div class=\"row\">\n        \n\n<\/div>\n<\/div>\n<div id=\"contact\" class=\"container-fluid contact_part\" style=\"background:url(https:\/\/www.fdi-access.com\/wp-content\/uploads\/contact1-1320x8811-1.jpg) no-repeat center center \/ cover;\">\n    <div class=\"row\">\n        <div class=\"contact_bloc col-12 col-lg-9 offset-lg-3 col-xl-7 offset-xl-5 col-xxl-6 offset-xxl-6\">\n            <div class=\"bloc_contact bg-grey\">\n                <p class=\"h2\">Kontaktieren Sie uns<\/p>\n                \n<div class=\"wpcf7 no-js\" id=\"wpcf7-f22025-o1\" lang=\"de-DE\" dir=\"ltr\" data-wpcf7-id=\"22025\">\n<div class=\"screen-reader-response\"><p role=\"status\" aria-live=\"polite\" aria-atomic=\"true\"><\/p> <ul><\/ul><\/div>\n<form action=\"\/de\/wp-json\/wp\/v2\/pages\/20874#wpcf7-f22025-o1\" method=\"post\" class=\"wpcf7-form init\" aria-label=\"Kontaktformular\" novalidate=\"novalidate\" data-status=\"init\">\n<fieldset class=\"hidden-fields-container\"><input type=\"hidden\" name=\"_wpcf7\" value=\"22025\" \/><input type=\"hidden\" name=\"_wpcf7_version\" value=\"6.1.4\" \/><input type=\"hidden\" name=\"_wpcf7_locale\" value=\"de_DE\" \/><input type=\"hidden\" name=\"_wpcf7_unit_tag\" value=\"wpcf7-f22025-o1\" \/><input type=\"hidden\" name=\"_wpcf7_container_post\" value=\"0\" \/><input type=\"hidden\" name=\"_wpcf7_posted_data_hash\" value=\"\" \/><input type=\"hidden\" name=\"_wpcf7dtx_version\" value=\"5.0.3\" \/><input type=\"hidden\" name=\"upload_dir\" value=\"wpcf7_uploads\" \/><input type=\"hidden\" name=\"generate_name\" value=\"04-04-26-69d0503947bd3\" \/><input type=\"hidden\" name=\"_wpcf7_recaptcha_response\" value=\"\" \/>\n<\/fieldset>\n<div class=\"row\">\n   <div class=\"mb-3 col-12 col-md-6 form-floating\">\n     <span class=\"wpcf7-form-control-wrap\" data-name=\"nom\"><input size=\"40\" maxlength=\"400\" class=\"wpcf7-form-control wpcf7-text wpcf7-validates-as-required form-control\" id=\"nom\" aria-required=\"true\" aria-invalid=\"false\" value=\"\" type=\"text\" name=\"nom\" \/><\/span> <label for=\"nom\" class=\"\">Name *<\/label>\n   <\/div>\n   <div class=\" mb-3 col-12 col-md-6 form-floating\">\n     <span class=\"wpcf7-form-control-wrap\" data-name=\"prenom\"><input size=\"40\" maxlength=\"400\" class=\"wpcf7-form-control wpcf7-text wpcf7-validates-as-required form-control\" id=\"prenom\" aria-required=\"true\" aria-invalid=\"false\" value=\"\" type=\"text\" name=\"prenom\" \/><\/span> <label for=\"prenom\" class=\"\">Vorname *<\/label>\n   <\/div>\n<\/div>\n\n<div class=\"row\">\n   <div class=\" mb-3 col-12 col-md-6 form-floating\"> \n     <span class=\"wpcf7-form-control-wrap\" data-name=\"societe\"><input size=\"40\" maxlength=\"400\" class=\"wpcf7-form-control wpcf7-text wpcf7-validates-as-required form-control\" id=\"societe\" aria-required=\"true\" aria-invalid=\"false\" value=\"\" type=\"text\" name=\"societe\" \/><\/span> <label for=\"societe\" class=\"\">Unternehmen *<\/label>\n   <\/div>\n   <div class=\" mb-3 col-12 col-md-6 form-floating form-floating_select\">\n     <span class=\"wpcf7-form-control-wrap\" data-name=\"activite\"><select class=\"wpcf7-form-control wpcf7-select wpcf7-validates-as-required form-control\" id=\"activite\" aria-required=\"true\" aria-invalid=\"false\" name=\"activite\"><option value=\"\">T\u00e4tigkeit *<\/option><option value=\"Integrator\">Integrator<\/option><option value=\"Vertriebspartner\">Vertriebspartner<\/option><option value=\"Installateur\">Installateur<\/option><option value=\"Anwender\">Anwender<\/option><option value=\"Sonstiges\">Sonstiges<\/option><\/select><\/span> <label for=\"activite\" class=\"visually-hidden\">Aktivit\u00e4t *<\/label>\n   <\/div>\n<\/div>\n\n<div class=\"row\">\n   <div class=\" mb-3 col-12 col-md-6 form-floating\">\n     <span class=\"wpcf7-form-control-wrap\" data-name=\"tel\"><input size=\"40\" maxlength=\"400\" class=\"wpcf7-form-control wpcf7-tel wpcf7-text wpcf7-validates-as-tel form-control\" id=\"tel\" aria-invalid=\"false\" value=\"\" type=\"tel\" name=\"tel\" \/><\/span> <label for=\"tel\" class=\"\">Telefon<\/label> \n   <\/div>\n   <div class=\" mb-3 col-12 col-md-6 form-floating\">\n     <span class=\"wpcf7-form-control-wrap\" data-name=\"email\"><input size=\"40\" maxlength=\"400\" class=\"wpcf7-form-control wpcf7-email wpcf7-validates-as-required wpcf7-text wpcf7-validates-as-email form-control\" id=\"email\" aria-required=\"true\" aria-invalid=\"false\" value=\"\" type=\"email\" name=\"email\" \/><\/span> <label for=\"email\" class=\"\">E-Mail *<\/label> \n   <\/div>\n<\/div>\n\n<div class=\"row\">\n   <div class=\" mb-3 col-12 col-md-6\">\n     <label for=\"piece\">Anhang<\/label> \n <span class=\"wpcf7-form-control-wrap codedropz-theme-light\" data-name=\"piece\"><input size=\"40\" class=\"wpcf7-form-control wpcf7-drag-n-drop-file d-none form-control\" id=\"piece\" aria-invalid=\"false\" type=\"file\" multiple=\"multiple\" data-name=\"piece\" data-id=\"22025\" \/><\/span>\n     <div id=\"emailHelp\" class=\"form-text text-end\">(.jpg .png .pdf 2 MB)<\/div>\n   <\/div>\n   <div class=\"col-12 col-md-6 p-0\">\n     <div class=\" mb-3 form-floating\">\n         <span class=\"wpcf7-form-control-wrap\" data-name=\"pays\"><input size=\"40\" maxlength=\"400\" class=\"wpcf7-form-control wpcf7-text wpcf7-validates-as-required form-control\" id=\"pays\" aria-required=\"true\" aria-invalid=\"false\" value=\"\" type=\"text\" name=\"pays\" \/><\/span> <label for=\"pays\" class=\"\">Land *<\/label> \n     <\/div>\n     <div class=\" mb-3 form-floating form-floating_select\">\n         <span class=\"wpcf7-form-control-wrap\" data-name=\"sujet\"><select class=\"wpcf7-form-control wpcf7-select wpcf7-validates-as-required form-control\" id=\"sujet\" aria-required=\"true\" aria-invalid=\"false\" name=\"sujet\"><option value=\"\">Thema *<\/option><option value=\"kaufm\u00e4nnisch\">kaufm\u00e4nnisch<\/option><option value=\"technische Unterst\u00fctzung\">technische Unterst\u00fctzung<\/option><option value=\"Personalwesen\">Personalwesen<\/option><option value=\"Marketing\">Marketing<\/option><option value=\"Sonderes\">Sonderes<\/option><\/select><\/span> <label for=\"sujet\" class=\"visually-hidden\">Thema *<\/label> \n     <\/div>\n<\/div>\n<\/div>\n\n\n<div class=\"row\">\n   <div class=\" mb-3 col-12 form-floating form-floating-textarea\">\n     <label for=\"demande\">Nachricht *<\/label> \n     <span class=\"wpcf7-form-control-wrap\" data-name=\"demande\"><textarea cols=\"40\" rows=\"4\" maxlength=\"2000\" class=\"wpcf7-form-control wpcf7-textarea wpcf7-validates-as-required form-control\" id=\"demande\" aria-required=\"true\" aria-invalid=\"false\" name=\"demande\"><\/textarea><\/span>\n   <\/div>\n   <div class=\"form-check\">\n     <span class=\"wpcf7-form-control-wrap\" data-name=\"actualite\"><span class=\"wpcf7-form-control wpcf7-checkbox\" id=\"actualite\"><span class=\"wpcf7-list-item first last\"><label><input type=\"checkbox\" name=\"actualite[]\" value=\"Ich halte mich \u00fcber aktuelle Ereignisse auf dem Laufenden und m\u00f6chte den Newsletter abonnieren.\" \/><span class=\"wpcf7-list-item-label\">Ich halte mich \u00fcber aktuelle Ereignisse auf dem Laufenden und m\u00f6chte den Newsletter abonnieren.<\/span><\/label><\/span><\/span><\/span>\n   <\/div>\n<\/div>\n<div class=\"row\"><div class=\"col-12 mb-3 mt-3\">\n    <div class=\"rgpd__block p-4\">\n         <div class=\"rgpd__title\">DSGVO &#8211; Schutz Ihrer Daten<\/div>\n         <div class=\"rgpd__content\">\n            <p>Die \u00fcber die Website www.fdi-access.com (nachfolgend \u201edie Website\u201c genannt) erhobenen Informationen sind zur Verarbeitung durch das Unternehmen FDI, den Verantwortlichen f\u00fcr die Datenverarbeitung, bestimmt, um Ihre Informationsanfrage zu bearbeiten.<\/p><p>Die mit einem Sternchen gekennzeichneten Informationen sind f\u00fcr die Bearbeitung Ihrer Anfrage zwingend erforderlich. Gem\u00e4\u00df den geltenden Vorschriften zum Schutz personenbezogener Daten haben Sie:<\/p><ul><li>das Recht auf Zugang, Berichtigung und \u00dcbertragbarkeit Ihrer Daten;<\/li><li>das Recht auf Einschr\u00e4nkung der Verarbeitung, L\u00f6schung und Widerspruch aus berechtigten Gr\u00fcnden gegen die Verarbeitung Ihrer Daten;<\/li><li>die M\u00f6glichkeit, uns Anweisungen zu \u00fcbermitteln, um die Aufbewahrung, L\u00f6schung oder Weitergabe Ihrer Daten an Dritte im Falle Ihres Todes zu regeln;<\/li><\/ul><p>Sie k\u00f6nnen diese Rechte aus\u00fcben, indem Sie an folgende E-Mail-Adresse schreiben: dpo@fdi-access.com. Ihr Widerspruch kann jedoch je nach Fall Auswirkungen auf Ihre Informationsanfrage haben.<\/p><p>Sie haben ebenfalls das Recht, eine Beschwerde bei der CNIL einzureichen.<\/p><p>F\u00fcr weitere Informationen zu dieser Verarbeitung verweisen wir auf unsere <a title=\"Gestion des donn\u00e9es personnelles\" href=\"https:\/\/www.fdi-access.com\/politique-de-confidentialite\/\" target=\"_blank\" rel=\"noopener\">Allgemeinen Gesch\u00e4ftsbedingungen.<\/a><\/p><p>Diese Website ist durch reCAPTCHA gesch\u00fctzt und es gelten die Datenschutzrichtlinie und die Nutzungsbedingungen von Google.<\/p><ul><li><a href=\"https:\/\/policies.google.com\/terms?hl=fr\" target=\"_blank\" rel=\"nofollow noopener\">https:\/\/policies.google.com\/terms?hl=fr<\/a><\/li><li><a href=\"https:\/\/policies.google.com\/privacy?hl=fr\" target=\"_blank\" rel=\"nofollow noopener\">https:\/\/policies.google.com\/privacy?hl=fr<\/a><\/li><\/ul>\n         <\/div>\n    <\/div><\/div><\/div>\n\n   <div class=\"submit_part\">\n     <input class=\"wpcf7-form-control wpcf7-submit has-spinner btn-submit\" type=\"submit\" value=\"Senden\" \/>\n   <\/div><div class=\"wpcf7-response-output\" aria-hidden=\"true\"><\/div>\n<\/form>\n<\/div>\n            <\/div>\n        <\/div>\n    <\/div>\n<\/div>\n<div class=\"container\">\n    <div class=\"row\">\n","protected":false},"excerpt":{"rendered":"<p>Um weitere Informationen zu erhalten, wenden Sie sich am besten direkt an uns. Dazu m\u00fcssen Sie nur nachfolgendes Formular ausf\u00fcllen:<\/p>\n","protected":false},"author":2,"featured_media":0,"parent":0,"menu_order":0,"comment_status":"closed","ping_status":"closed","template":"page-contact.php","meta":{"_acf_changed":false,"footnotes":""},"class_list":["post-20874","page","type-page","status-publish","hentry"],"acf":[],"_links":{"self":[{"href":"https:\/\/www.fdi-access.com\/de\/wp-json\/wp\/v2\/pages\/20874","targetHints":{"allow":["GET"]}}],"collection":[{"href":"https:\/\/www.fdi-access.com\/de\/wp-json\/wp\/v2\/pages"}],"about":[{"href":"https:\/\/www.fdi-access.com\/de\/wp-json\/wp\/v2\/types\/page"}],"author":[{"embeddable":true,"href":"https:\/\/www.fdi-access.com\/de\/wp-json\/wp\/v2\/users\/2"}],"replies":[{"embeddable":true,"href":"https:\/\/www.fdi-access.com\/de\/wp-json\/wp\/v2\/comments?post=20874"}],"version-history":[{"count":2,"href":"https:\/\/www.fdi-access.com\/de\/wp-json\/wp\/v2\/pages\/20874\/revisions"}],"predecessor-version":[{"id":23435,"href":"https:\/\/www.fdi-access.com\/de\/wp-json\/wp\/v2\/pages\/20874\/revisions\/23435"}],"wp:attachment":[{"href":"https:\/\/www.fdi-access.com\/de\/wp-json\/wp\/v2\/media?parent=20874"}],"curies":[{"name":"wp","href":"https:\/\/api.w.org\/{rel}","templated":true}]}}