{"id":20880,"date":"2025-05-15T14:58:41","date_gmt":"2025-05-15T12:58:41","guid":{"rendered":"https:\/\/www.fdi-access.com\/fdi-ein-entwickler-und-hersteller-von-systemen-in-den-bereichen-zutrittskontrolle-gegensprechanlagen-und-iot\/"},"modified":"2025-12-16T14:30:28","modified_gmt":"2025-12-16T13:30:28","slug":"fdi-ein-entwickler-und-hersteller-von-systemen-in-den-bereichen-zutrittskontrolle-gegensprechanlagen-und-iot","status":"publish","type":"page","link":"https:\/\/www.fdi-access.com\/de\/unternehmen\/fdi-ein-entwickler-und-hersteller-von-systemen-in-den-bereichen-zutrittskontrolle-gegensprechanlagen-und-iot\/","title":{"rendered":"FDI, ein Entwickler und Hersteller von Systemen in den Bereichen Zutrittskontrolle, Gegensprechanlagen und IoT"},"content":{"rendered":"<div class=\"col-12 paragraph\">\n<p>Als Experte f\u00fcr Systeme zur Zutrittskontrolle, Gegensprechanlagen und IoT hat FDI seine Aktivit\u00e4ten in drei gro\u00dfe Bereiche gegliedert:FDI, ein Entwickler und Hersteller von Systemen in den Bereichen Zutrittskontrolle, Gegensprechanlagen und IoT <\/p>\n<\/div>\n\n<div class=\"col-12 list\">\n<ul class=\"wp-block-list\">\n<li>Endprodukte f\u00fcr die Zutrittskontrolle und Gegensprechanlagen <\/li>\n\n\n\n<li>Begleitung bei der Umsetzung ma\u00dfgeschneiderter Projekte, von der Entwicklung der Elektronikkarte bis zur Herstellung von Systemen f\u00fcr die Zutrittsverwaltung <\/li>\n\n\n\n<li>IoT-Produkte \u00fcber die Marke Yokis.<\/li>\n<\/ul>\n<\/div>\n\n<div class=\"col-12 paragraph\">\n<p>Das Unternehmen ist seit 2000 eine Tochter von Urmet France (Gruppe Urmet Italien) und exportiert seine Produkte seit 2004 in mehr als 35 L\u00e4nder in aller Welt. <\/p>\n<\/div>\n\n<\/div>\n<\/div>\n    <div class=\"container_numbers container-fluid bg-white\">\n        <div class=\"row\">\n            <div class=\"col-lg-11 col-xl-10 col-xxl-9 p-0\">\n                <div class=\"bg-yellow border-slash-left\">\n                    <div class=\"row\">\n                                                    <div class=\"col-12  col-sm-6 col-md-3 col-lg-3  col-sm-6 col-md-3 col-lg-3  key_bloc\">\n                                <span class=\"number_nb white\" data-count=\"80\">0<\/span>\n                                                                <span class=\"number_txt white\">Ingenieure<\/span>\n                            <\/div>\n                                                        <div class=\"col-12  col-sm-6 col-md-3 col-lg-3  col-sm-6 col-md-3 col-lg-3  key_bloc\">\n                                <span class=\"number_nb white\" data-count=\"7900\">0<\/span>\n                                                                    <span class=\"number_unity white\"><sup>m2<\/sup><\/span>\n                                                                <span class=\"number_txt white\">Betriebsfl\u00e4che in Cholet<\/span>\n                            <\/div>\n                                                        <div class=\"col-12  col-sm-6 col-md-3 col-lg-3  col-sm-6 col-md-3 col-lg-3  key_bloc\">\n                                <span class=\"number_nb white\" data-count=\"1989\">0<\/span>\n                                                                <span class=\"number_txt white\">Gr\u00fcndung des Unternehmens<\/span>\n                            <\/div>\n                                                        <div class=\"col-12  col-sm-6 col-md-3 col-lg-3  col-sm-6 col-md-3 col-lg-3  key_bloc\">\n                                <span class=\"number_nb white\" data-count=\"100\">0<\/span>\n                                                                    <span class=\"number_unity white\">Mio.<\/span>\n                                                                <span class=\"number_txt white\">Montierte Komponenten pro Jahr<\/span>\n                            <\/div>\n                                                <\/div>\n                <\/div>\n            <\/div>\n        <\/div>\n    <\/div>\n  <div class=\"container\">\n      <div class=\"row\">\n\n\n<\/div>\n<\/div>\n<div class=\"container\">\n    <div class=\"row medialeft media_txt\">\n        <div class=\"col-12 col-lg-6 order-1  text-center text-lg-end\">\n            <img decoding=\"async\" src=\"https:\/\/www.fdi-access.com\/wp-content\/uploads\/251216_SCHEMA_Marche_DE.jpg\" alt=\"\" class=\"img-fluid\">        <\/div>\n        <div class=\"col-12 col-lg-6 order-2  d-flex align-items-center\">\n            <div class=\"txt_content\">\n            <h2>M\u00e4rkte<\/h2>\n<p>Dank seines gro\u00dfen Fachwissens in den Bereichen Zutrittskontrolle und Gegensprechanlagen ist FDI in der Lage, Systeme f\u00fcr einen einzelnen Standort oder integrierte Netzwerkl\u00f6sungen f\u00fcr mehrere Standorte anzubieten, sei es f\u00fcr Wohngeb\u00e4ude (kleine, mittlere und gro\u00dfe Mehrparteienh\u00e4user) oder den Dienstleistungssektor in Frankreich oder in den internationalen M\u00e4rkten.<\/p>\n\n                        <\/div>\n        <\/div>\n    <\/div>\n<\/div>\n    <div class=\"container\">\n        <div class=\"row\">\n\n\n\n\n<div class=\"col-12 heading\">\n<h2 class=\"wp-block-heading\">Produktionsmittel und -anlagen<\/h2>\n<\/div>\n\n<div class=\"col-12 paragraph\">\n<p>FDI ist in Cholet (Departement 49) ans\u00e4ssig und verf\u00fcgt \u00fcber einen Entwicklungs- und Fertigungsstandort mit 7900 m\u00b2 Fl\u00e4che, von denen 4000 m\u00b2 f\u00fcr Produktion und Lagerung zur Verf\u00fcgung stehen. Dank seiner hoch modernen Produktionsanlagen best\u00fcckt und verl\u00f6tet FDI j\u00e4hrlich mehr als 100 Millionen Komponenten mit 3000 verschiedenen Bauteilen: <\/p>\n<\/div>\n\n<div class=\"col-12 list\">\n<ul class=\"wp-block-list\">\n<li>3 SMT-Linien der neuesten Generation der Marke MYCRONIC (6 Best\u00fcckungsmaschinen); <\/li>\n\n\n\n<li>3 DEK-Schablonendrucker mit automatischer L\u00f6tpasteninspektion;<\/li>\n\n\n\n<li>3 energieeffiziente 13-Zonen-Reflow-\u00d6fen;<\/li>\n\n\n\n<li>1 AOI 2D-Inspektionsmaschine;<\/li>\n\n\n\n<li>1 konventionelle Wellenl\u00f6tanlage mit automatischer Rahmenf\u00fchrung<\/li>\n\n\n\n<li>2 ERSA Selektiv-Anlagen mit zwei unabh\u00e4ngigen L\u00f6tt\u00f6pfen unter Stickstoff;<\/li>\n\n\n\n<li>2 Fr\u00e4smaschinen f\u00fcr die CNC-Bearbeitung und Gravur von Kunststoffen, Aluminium und Messing;<\/li>\n\n\n\n<li>2 YAG Lasermarkiermaschinen (Rofin Basel);<\/li>\n\n\n\n<li>1 FAI Pr\u00fcfmaschine (automatische optische Kontrolle der Komponenten durch Bildabgleich);<\/li>\n\n\n\n<li>1 RINCO Ultraschall-Schwei\u00dfanlage. <\/li>\n<\/ul>\n<\/div>\n\n<div class=\"col-12 paragraph\">\n<p>FDI besch\u00e4ftigt mehr als 150 Mitarbeiter, darunter 80 Ingenieure in seiner Entwicklungsabteilung. <\/p>\n<\/div>\n\n<div class=\"col-12 paragraph\">\n<p>Dank seiner erfahrenen Mitarbeiter und seiner modernen Produktionsanlagen ist FDI in der Lage, die unterschiedlichsten L\u00f6sungen in den Bereichen Zutrittskontrolle, Gegensprechanlagen und IoT zu entwickeln und herzustellen \u2013 ganz gleich, ob es sich um Produkte aus dem Katalog oder um Ma\u00dfanfertigungen handelt. <\/p>\n<\/div>\n\n<div id=\"accordion_2060831853\" class=\"row accordion_row\">\n            <div class=\"accordion col-12\">\n                                    <div class=\"accordion-item\">\n                        <div class=\"accordion-header\" id=\"heading_2060831853_1\">\n                            <h3 class=\"accordion-button  collapsed \" type=\"button\" data-bs-toggle=\"collapse\" data-bs-target=\"#collapse_2060831853_1\" aria-expanded=\"false\" aria-controls=\"collapse_2060831853_1\">\n                                Produkte: elektronische Bauteile f\u00fcr Systeme in den Bereichen Zutrittskontrolle, Gegensprechanlagen und Hausautomation                            <\/h3>\n                        <\/div>\n                        <div id=\"collapse_2060831853_1\" class=\"accordion-collapse collapse\" aria-labelledby=\"heading_2060831853_1\">\n                            <div class=\"accordion-body\">\n                                <p>FDI konzipiert, entwickelt und produziert Systeme in den Bereichen Zutrittskontrolle, Gegensprechanlagen und Hausautomation:<\/p>\n<ul>\n<li aria-level=\"1\">Zutrittskontrolleinheiten<\/li>\n<li aria-level=\"1\">Leseger\u00e4te und Keypads<\/li>\n<li aria-level=\"1\">T\u00fcrstationen<\/li>\n<li aria-level=\"1\">Badges<\/li>\n<li aria-level=\"1\">Bildschirme in Eingangsbereiche<\/li>\n<li aria-level=\"1\">Hausautomation: von FDI entwickelte und hergestellte elektronische Baugruppen, die unter dem Markennamen YOKIS vermarktet werden<\/li>\n<\/ul>\n                            <\/div>\n                        <\/div>\n                    <\/div>\n                                        <div class=\"accordion-item\">\n                        <div class=\"accordion-header\" id=\"heading_2060831853_2\">\n                            <h3 class=\"accordion-button  collapsed \" type=\"button\" data-bs-toggle=\"collapse\" data-bs-target=\"#collapse_2060831853_2\" aria-expanded=\"false\" aria-controls=\"collapse_2060831853_2\">\n                                Ma\u00dfgeschneiderte L\u00f6sungen: Entwicklung der Elektronik und Herstellung von Zutrittsverwaltungssystemen                            <\/h3>\n                        <\/div>\n                        <div id=\"collapse_2060831853_2\" class=\"accordion-collapse collapse\" aria-labelledby=\"heading_2060831853_2\">\n                            <div class=\"accordion-body\">\n                                <p>Um die Zufriedenheit seiner Kunden sicherzustellen, k\u00fcmmert sich FDI um alle Projekte von A bis Z sowie um den gesamten Lebenszyklus eines Produkts: von der Entwicklung \u00fcber die Vorbereitung der industriellen Fertigung bis zur Produktion.<br \/>\nFDI bietet Ihnen bei der Verwirklichung Ihrer Projekte eine pers\u00f6nliche Betreuung an, von der Konzeption bis zur Umsetzung: Herstellung elektronischer Bauteile und von Elektronikkarten \u2026 FDI ist au\u00dferdem in der Lage, seine Standardprodukte an Kundenw\u00fcnsche anzupassen oder Ma\u00dfanfertigungen nach Ihrem spezifischen Lastenheft herzustellen.<\/p>\n                            <\/div>\n                        <\/div>\n                    <\/div>\n                                <\/div>\n        <\/div>\n\n\n<\/div>\n<\/div>\n<div class=\"container\">\n    <div class=\"row medialeft media_txt\">\n        <div class=\"col-12 col-lg-6 order-1  text-center text-lg-end\">\n            <img decoding=\"async\" src=\"https:\/\/www.fdi-access.com\/wp-content\/uploads\/ENTREPRISE_Qui-sommes-nous_H2-Marque-employeur.png\" alt=\"\" class=\"img-fluid\">        <\/div>\n        <div class=\"col-12 col-lg-6 order-2  d-flex align-items-center\">\n            <div class=\"txt_content\">\n            <h2>Employer Branding<\/h2>\n<p>Wir bei FDI sind davon \u00fcberzeugt, dass der Erfolg jedes Projekts von der beruflichen Entfaltungsm\u00f6glichkeit unserer Teams abh\u00e4ngt. Deshalb wird unsere unternehmerische Vision von den Werten F\u00fcrsorge, Selbstverwirklichung und Kreativit\u00e4t bestimmt, die sich in unserem Leitmotiv widerspiegeln: \u201eFriendly Development &amp; Innovation\u201c: <\/p>\n<ul>\n<li aria-level=\"1\"><strong>Friendly<\/strong>: enge Beziehungen zu unseren Kunden, Zulieferern, Partnern und Mitarbeitern<\/li>\n<li aria-level=\"1\"><strong>Development<\/strong>: Ber\u00fccksichtigung des technologischen Fortschritts und F\u00f6rderung der Selbstverwirklichung unserer Mitarbeiter<\/li>\n<li aria-level=\"1\"><strong>Innovation<\/strong>: zur Entwicklung und Herstellung zukunftsf\u00e4higer Produkte in den Bereichen Zutrittskontrolle und Gegensprechanlagen<\/li>\n<\/ul>\n\n                        <\/div>\n        <\/div>\n    <\/div>\n<\/div>\n    <div class=\"container\">\n        <div class=\"row\">\n\n\n\n\n<\/div>\n    <\/div>\n    <div class=\"container-fluid container-custom values_container\">\n        <div class=\"row\">\n            <div class=\"col-12  col-sm-6 col-md-4 col-lg-2  col-sm-6 col-md-6 col-lg-4 col-xl-3 value_bloc value_bloc_1 first \">\n            <div class=\"value_content d-flex align-items-center\">\n                <div>\n                                            <h2 class=\"h2\">Die Geschichte von <strong>FDI<\/strong><\/h2>\n                                        <div class=\"value_txt\">\n                                            <\/div>\n                <\/div>\n            <\/div>\n        <\/div>\n                <div class=\"col-12  col-sm-6 col-md-4 col-lg-2  col-sm-6 col-md-6 col-lg-4 col-xl-3 value_bloc value_bloc_2 odd \">\n            <div class=\"value_content d-flex align-items-center\">\n                <div>\n                                        <h3 class=\"h3\">1989 \u2013 Gr\u00fcndung von FDI MATELEC<\/h3>\n                                        <div class=\"value_txt\">\n                        <p>FDI MATELEC ist seit 1989 ein Entwickler und Hersteller von Produkten im Bereich Zutrittskontrolle und beherrscht alle Projektphasen, von der Konzeption bis zur Produktion. <\/p>\n                    <\/div>\n                <\/div>\n            <\/div>\n        <\/div>\n                <div class=\"col-12  col-sm-6 col-md-4 col-lg-2  col-sm-6 col-md-6 col-lg-4 col-xl-3 value_bloc value_bloc_3 even \">\n            <div class=\"value_content d-flex align-items-center\">\n                <div>\n                                        <h3 class=\"h3\">2000 \u2013 Eingliederung von FDI MATELEC in die URMET-Gruppe<\/h3>\n                                        <div class=\"value_txt\">\n                        <p>\u00dcbernahme von FDI durch die Urmet-Gruppe, dem Marktf\u00fchrer f\u00fcr Gegensprechanlagen, L\u00f6sungen f\u00fcr die Zutrittskontrolle, Hausautomation und Video\u00fcberwachung.<\/p>\n                    <\/div>\n                <\/div>\n            <\/div>\n        <\/div>\n                <div class=\"col-12  col-sm-6 col-md-4 col-lg-2  col-sm-6 col-md-6 col-lg-4 col-xl-3 value_bloc value_bloc_4 odd \">\n            <div class=\"value_content d-flex align-items-center\">\n                <div>\n                                        <h3 class=\"h3\">2004 \u2013 Internationale Ausweitung der T\u00e4tigkeiten von FDI MATELEC<\/h3>\n                                        <div class=\"value_txt\">\n                        <p>Seit 2004 exportiert FDI seine Produkte weltweit (Australien, Belgien, Spanien, Gro\u00dfbritannien &#8230;)<\/p>\n                    <\/div>\n                <\/div>\n            <\/div>\n        <\/div>\n                <div class=\"col-12  col-sm-6 col-md-4 col-lg-2  col-sm-6 col-md-6 col-lg-4 col-xl-3 value_bloc value_bloc_5 odd \">\n            <div class=\"value_content d-flex align-items-center\">\n                <div>\n                                        <h3 class=\"h3\">2014 \u2013 Erwerb der Marke YOKIS<\/h3>\n                                        <div class=\"value_txt\">\n                        <p>Im Jahr 2014 erweitert FDI mit dem Erwerb von YOKIS, einem franz\u00f6sischen Unternehmen, das seit mehr als 20 Jahren digitale Mikromodule f\u00fcr Beleuchtung, Lichtsteuerung und Rolll\u00e4den herstellt, seine Aktivit\u00e4ten. <\/p>\n                    <\/div>\n                <\/div>\n            <\/div>\n        <\/div>\n                <div class=\"col-12  col-sm-6 col-md-4 col-lg-2  col-sm-6 col-md-6 col-lg-4 col-xl-3 value_bloc value_bloc_6 even \">\n            <div class=\"value_content d-flex align-items-center\">\n                <div>\n                                        <h3 class=\"h3\">2021 \u2013 Umzug an den neuen Standort von FDI MATELEC in Cholet<\/h3>\n                                        <div class=\"value_txt\">\n                        <p>Nach einer Bauzeit von mehreren Monaten bezieht FDI seinen neuen Firmensitz im Gewerbegebiet Cormier in Cholet (Departement 49).<\/p>\n                    <\/div>\n                <\/div>\n            <\/div>\n        <\/div>\n                <div class=\"col-12  col-sm-6 col-md-4 col-lg-2  col-sm-6 col-md-6 col-lg-4 col-xl-3 value_bloc value_bloc_7 odd \">\n            <div class=\"value_content d-flex align-items-center\">\n                <div>\n                                        <h3 class=\"h3\">2021 \u2013 Umbesetzung der Gesch\u00e4ftsleitung von FDI MATELEC<\/h3>\n                                        <div class=\"value_txt\">\n                        <p>Pascal PERRIN wird zum Leiter des Bereichs Wohnimmobilien der Urmet Gruppe f\u00fcr Frankreich sowie zum Generaldirektor von FDI MATELEC ernannt. Damit steht er nun David RABIER und Herv\u00e9 GAZEAU zur Seite, die gemeinsam die Leitung des operativen Gesch\u00e4fts innehaben. <\/p>\n                    <\/div>\n                <\/div>\n            <\/div>\n        <\/div>\n                <div class=\"col-12  col-sm-6 col-md-4 col-lg-2  col-sm-6 col-md-6 col-lg-4 col-xl-3 value_bloc value_bloc_8 even \">\n            <div class=\"value_content d-flex align-items-center\">\n                <div>\n                                        <h3 class=\"h3\">2022 \u2013 FDI MATELEC wird FDI<\/h3>\n                                        <div class=\"value_txt\">\n                        <p>FDI MATELEC wird zu FDI und stellt sein Leitbild in den Vordergrund: Friendly Development &amp; Innovation, das 2022 in einer neuen Corporate Identity, einschlie\u00dflich neuem Logo und neuer Website, optisch Gestalt annimmt.  <\/p>\n                    <\/div>\n                <\/div>\n            <\/div>\n        <\/div>\n                <div class=\"col-12  col-sm-6 col-md-4 col-lg-2  col-sm-6 col-md-6 col-lg-4 col-xl-3 value_bloc value_bloc_9 even \">\n            <div class=\"value_content d-flex align-items-center\">\n                <div>\n                                        <h3 class=\"h3\">2024 \u2013 Gr\u00fcndung einer Tochtergesellschaft in Deutschland<\/h3>\n                                        <div class=\"value_txt\">\n                        <p>Im Rahmen seines internationalen Wachstums gr\u00fcndet FDI in Deutschland seine erste Tochtergesellschaft \u2013 die FDI GmbH \u2013 in Frankfurt am Main. <\/p>\n                    <\/div>\n                <\/div>\n            <\/div>\n        <\/div>\n            <\/div>\n    <\/div>\n<div class=\"container\">\n    <div class=\"row\">\n","protected":false},"excerpt":{"rendered":"<p>Als Experte f\u00fcr Systeme zur Zutrittskontrolle, Gegensprechanlagen und IoT hat FDI seine Aktivit\u00e4ten in drei gro\u00dfe Bereiche gegliedert:FDI, ein Entwickler und Hersteller von Systemen in den Bereichen Zutrittskontrolle, Gegensprechanlagen und IoT Das Unternehmen ist seit 2000 eine Tochter von Urmet France (Gruppe Urmet Italien) und exportiert seine Produkte seit 2004 in mehr als 35 L\u00e4nder [&hellip;]<\/p>\n","protected":false},"author":2,"featured_media":0,"parent":20949,"menu_order":0,"comment_status":"closed","ping_status":"closed","template":"","meta":{"_acf_changed":false,"footnotes":""},"class_list":["post-20880","page","type-page","status-publish","hentry"],"acf":[],"_links":{"self":[{"href":"https:\/\/www.fdi-access.com\/de\/wp-json\/wp\/v2\/pages\/20880","targetHints":{"allow":["GET"]}}],"collection":[{"href":"https:\/\/www.fdi-access.com\/de\/wp-json\/wp\/v2\/pages"}],"about":[{"href":"https:\/\/www.fdi-access.com\/de\/wp-json\/wp\/v2\/types\/page"}],"author":[{"embeddable":true,"href":"https:\/\/www.fdi-access.com\/de\/wp-json\/wp\/v2\/users\/2"}],"replies":[{"embeddable":true,"href":"https:\/\/www.fdi-access.com\/de\/wp-json\/wp\/v2\/comments?post=20880"}],"version-history":[{"count":5,"href":"https:\/\/www.fdi-access.com\/de\/wp-json\/wp\/v2\/pages\/20880\/revisions"}],"predecessor-version":[{"id":25834,"href":"https:\/\/www.fdi-access.com\/de\/wp-json\/wp\/v2\/pages\/20880\/revisions\/25834"}],"up":[{"embeddable":true,"href":"https:\/\/www.fdi-access.com\/de\/wp-json\/wp\/v2\/pages\/20949"}],"wp:attachment":[{"href":"https:\/\/www.fdi-access.com\/de\/wp-json\/wp\/v2\/media?parent=20880"}],"curies":[{"name":"wp","href":"https:\/\/api.w.org\/{rel}","templated":true}]}}